{"id":4909,"date":"2024-06-26T09:54:15","date_gmt":"2024-06-26T07:54:15","guid":{"rendered":"https:\/\/www.villaviatges.com\/?page_id=4909"},"modified":"2024-06-26T09:54:15","modified_gmt":"2024-06-26T07:54:15","slug":"proteccio-de-dades-personals","status":"publish","type":"page","link":"https:\/\/www.villaviatges.com\/ca\/proteccio-de-dades-personals\/","title":{"rendered":"Protecci\u00f3 de dades personals"},"content":{"rendered":"<h2 class=\"wp-block-heading\">Identificaci\u00f3 del responsable<\/h2>\n<p><a href=\"https:\/\/www.villaviatges.com\/ca\/cuestiones-legales\/\">Vill\u00e0 Viatges, SA<\/a>\u00a0d&#039;ara endavant, VV, es declara responsable de la captaci\u00f3 de les dades personals dels usuaris de villaviatges.com, quan aquesta es produeix, i, tamb\u00e9, del possible tractament.<\/p>\n<h2 class=\"wp-block-heading\">Protecci\u00f3 de dades<\/h2>\n<p>VV recull dades personals corresponents a les persones que utilitzen els diferents formularis disponibles a villaviatges.com. El consentiment expl\u00edcit a aquestes cl\u00e0usules sobre protecci\u00f3 de dades \u00e9s imprescindible per tramitar peticions d&#039;informaci\u00f3 per aquest canal, tal com estipula el\u00a0<a href=\"https:\/\/eur-lex.europa.eu\/legal-content\/ES\/TXT\/HTML\/?uri=CELEX:32016R0679&amp;from=ES\" target=\"_blank\" rel=\"noopener noreferrer\"><cite title=\"UE 2016\/679, del 27 d&#039;abril\">reglament UE 2016\/679<\/cite>, de 27 d&#039;abril<\/a>\u00a0(Reglament General de Protecci\u00f3 de Dades,\u00a0<abbr title=\"Reglament General de Protecci\u00f3 de Dades\">RGPD<\/abbr>).<\/p>\n<p>Les dades es capten des dels formularis de contacte destinats a transmetre consultes generals, per establir contacte amb assessors sobre viatges, i sobre els diferents cert\u00e0mens i concursos que VV convoca. Tamb\u00e9, des dels formularis de subscripci\u00f3 a butlletins informatius. Generalment, els formularis de contacte sol\u00b7liciten de forma obligat\u00f2ria un nom i una adre\u00e7a de correu electr\u00f2nic, encara que excepcionalment poden exigir altres dades que serveixin per respondre amb m\u00e9s precisi\u00f3 als dubtes que es plantegen. Quan aix\u00f2 passa, els camps opcionals s&#039;assenyalen adequadament.<\/p>\n<p>Aquesta norma s&#039;aplica de forma gen\u00e8rica a tota la comunicaci\u00f3 en l\u00ednia de VV, amb l&#039;excepci\u00f3 de la inscripci\u00f3 de participants i concursants a les activitats proposades. Quan aquestes es plantegen, les dades que es reben des de les fitxes dinscripci\u00f3 tenen una finalitat diferent, estan sotmeses al protocol legalitzat per VV i, conseg\u00fcentment, a unes normes singulars en mat\u00e8ria de protecci\u00f3 de dades que les bases de la pr\u00f2pia activitat posen de manifest.<\/p>\n<p>Salvant aquesta excepci\u00f3, la finalitat dels formularis de contacte \u00e9s i aix\u00ed s&#039;expressa de forma separada a cadascun d&#039;ells:<\/p>\n<ul>\n<li>Respondre consultes i dubtes sobre la planificaci\u00f3, prospecci\u00f3 comercial i adquisici\u00f3 de serveis per al viatger.<\/li>\n<li>Establir cites per a la prospecci\u00f3 comercial i l&#039;adquisici\u00f3 de serveis per al viatger.<\/li>\n<li>Proporcionar informaci\u00f3 sobre productes i serveis comercialitzats per VV.<\/li>\n<li>Subscriviu-vos a un butllet\u00ed sobre ofertes, productes, serveis, novetats corporatives i altres not\u00edcies d&#039;inter\u00e8s.<\/li>\n<li>Planificar l&#039;oferta comercial adequada a l&#039;audi\u00e8ncia.<\/li>\n<\/ul>\n<p>Les dades personals queden registrades en un fitxer propietat de VV i registrades davant de l&#039;Ag\u00e8ncia Espanyola de Protecci\u00f3 de Dades. L&#039;arxiu s&#039;ubica al territori jurisdiccional de la Uni\u00f3 Europea. Aquesta condici\u00f3 s&#039;est\u00e9n tamb\u00e9 a les plataformes utilitzades per establir comunicaci\u00f3 amb els usuaris, com \u00e9s el cas de\u00a0<a href=\"https:\/\/mailchimp.com\/legal\/privacy\/\" target=\"_blank\" rel=\"noopener noreferrer\">MailChimp<\/a>.<\/p>\n<p>Des del lloc web de VV i amb les finalitats descrites anteriorment, no es capten dades de menors d&#039;edat. S&#039;exigeix, per tant, que els menors de 18 anys s&#039;abstinguin de fer servir els formularis de contacte.<\/p>\n<p>Les dades personals no s\u00f3n tractades ni processades per a l&#039;elaboraci\u00f3 de perfils de clients discriminatoris a l&#039;oferta comercial. Tampoc no seran cedits ni transferits a tercers dins o fora de la Uni\u00f3 Europea, amb l&#039;\u00fanica excepci\u00f3 de la prestaci\u00f3 efica\u00e7 del servei contractat i als prove\u00efdors corresponents: companyies de transport, d&#039;allotjament, etc\u00e8tera.<\/p>\n<p>VV ha adoptat les mesures t\u00e8cniques i organitzatives apropiades per a la protecci\u00f3 de la integritat del fitxer de dades personals, tal com estableix la legislaci\u00f3 vigent. S&#039;ha procurat salvaguardar-lo d&#039;intrusions malintencionades, de la p\u00e8rdua o el robatori de la informaci\u00f3, i d&#039;alteracions o processaments no autoritzats. Tot i aix\u00f2, l&#039;esfor\u00e7 dins de la legalitat podria no garantir la protecci\u00f3 total.<\/p>\n<p>L&#039;usuari podr\u00e0 exercir el dret d&#039;acc\u00e9s, rectificaci\u00f3, oposici\u00f3 o cancel\u00b7laci\u00f3, limitaci\u00f3 del tractament, supressi\u00f3 o portabilitat de les dades cedides dirigint-se a VV acreditant-ne fefaentment la identitat. Podeu fer-ho per mitj\u00e0 de missatge de correu electr\u00f2nic a\u00a0<a href=\"mailto:info@villaviatges.com\">info@villaviatges.com<\/a>, per correu prefranquejat a l&#039;adre\u00e7a postal Girona, 13. 08402 \u2013 Granollers, Barcelona, o contactant amb el delegat de protecci\u00f3 de dades de Vill\u00e0 Viatges SA a l&#039;adre\u00e7a\u00a0<a href=\"mailto:dpo.cliente@conversia.es\">dpo.cliente@conversia.es<\/a>\u00a0o al n\u00famero de tel\u00e8fon 902 877 192.<\/p>\n<p>La pol\u00edtica de protecci\u00f3 de dades personals que aplica VV s&#039;emmarca en els principis de licitud, lleialtat, transpar\u00e8ncia i confidencialitat que inspiren el\u00a0<abbr title=\"Reglament General de Protecci\u00f3 de Dades\">RGPD<\/abbr>.<\/p>\n<p><small>Granollers,\u00a0<time>2 de novembre de 2023<\/time><\/small><\/p>","protected":false},"excerpt":{"rendered":"<p>Identificaci\u00f3n del responsable Vill\u00e0 Viatges, SA\u00a0en adelante, VV, se declara responsable de la captaci\u00f3n de los datos personales de los usuarios de villaviatges.com, cuando esta se produce, y, tambi\u00e9n, de su posible tratamiento. Protecci\u00f3n de datos VV recoge datos personales correspondientes a las personas que utilizan los distintos formularios disponibles en villaviatges.com. El consentimiento expl\u00edcito [&hellip;]<\/p>","protected":false},"author":5,"featured_media":0,"parent":0,"menu_order":0,"comment_status":"closed","ping_status":"closed","template":"","meta":{"_acf_changed":false,"_joinchat":[],"footnotes":""},"landing-pages":[],"class_list":["post-4909","page","type-page","status-publish","hentry"],"acf":[],"_links":{"self":[{"href":"https:\/\/www.villaviatges.com\/ca\/wp-json\/wp\/v2\/pages\/4909","targetHints":{"allow":["GET"]}}],"collection":[{"href":"https:\/\/www.villaviatges.com\/ca\/wp-json\/wp\/v2\/pages"}],"about":[{"href":"https:\/\/www.villaviatges.com\/ca\/wp-json\/wp\/v2\/types\/page"}],"author":[{"embeddable":true,"href":"https:\/\/www.villaviatges.com\/ca\/wp-json\/wp\/v2\/users\/5"}],"replies":[{"embeddable":true,"href":"https:\/\/www.villaviatges.com\/ca\/wp-json\/wp\/v2\/comments?post=4909"}],"version-history":[{"count":0,"href":"https:\/\/www.villaviatges.com\/ca\/wp-json\/wp\/v2\/pages\/4909\/revisions"}],"wp:attachment":[{"href":"https:\/\/www.villaviatges.com\/ca\/wp-json\/wp\/v2\/media?parent=4909"}],"wp:term":[{"taxonomy":"landing-pages","embeddable":true,"href":"https:\/\/www.villaviatges.com\/ca\/wp-json\/wp\/v2\/landing-pages?post=4909"}],"curies":[{"name":"wp","href":"https:\/\/api.w.org\/{rel}","templated":true}]}}