{"id":4904,"date":"2024-06-26T09:40:39","date_gmt":"2024-06-26T07:40:39","guid":{"rendered":"https:\/\/www.villaviatges.com\/?page_id=4904"},"modified":"2024-07-31T11:14:15","modified_gmt":"2024-07-31T09:14:15","slug":"avis-legal","status":"publish","type":"page","link":"https:\/\/www.villaviatges.com\/ca\/avis-legal\/","title":{"rendered":"Av\u00eds Legal"},"content":{"rendered":"<h2><strong>Q\u00fcestions legals<\/strong><\/h2>\n<p>Vill\u00e0 Viatges, SA d&#039;ara endavant, VV, es declara propiet\u00e0ria del present website i es reserva tots els drets de permetre l&#039;acc\u00e9s als usuaris del mateix.<\/p>\n<h2><strong>Identitat i ubicaci\u00f3<\/strong><\/h2>\n<p>Vill\u00e0 Viatges, SA. Domicili: Girona, 13. 08402 \u2013 Granollers, Barcelona, Espanya. Tel\u00e8fon: +34 93 879 37 77. Fax: +34 93 879 62 19. Adre\u00e7a de correu electr\u00f2nic: info@villaviatges.com. CIF: A60739752. Registre Mercantil de Barcelona, lligall an, n\u00famero 1986\/04, Tom 29361, Foli 37, Full B 129205, Inscripci\u00f3 10.<\/p>\n<h2><strong>Condicions d&#039;\u00fas<\/strong><\/h2>\n<p>Tots els elements integrants del website s\u00f3n propietat o, en determinats casos, VV ostenta els drets de reproducci\u00f3, estant els mateixos subjectes a la legislaci\u00f3 de protecci\u00f3 de drets de propietat intel\u00b7lectual i industrial amb les limitacions que se&#039;n deriven. Els usuaris del present website podran utilitzar, descarregar i imprimir per a la seva utilitzaci\u00f3 particular i sense \u00e0nim de lucre els textos, imatges i altres elements accessibles aqu\u00ed continguts, amb la cita pr\u00e8via de l&#039;origen dels mateixos. Per a la utilitzaci\u00f3 dels continguts del present website en mitjans de comunicaci\u00f3 i afins, serviu-vos contactar amb info@villaviatges.com per tal d&#039;obtenir la pertinent autoritzaci\u00f3.<\/p>\n<p>Es prohibeix l&#039;acc\u00e9s o \u00fas del website, o l&#039;intent d&#039;acc\u00e9s i \u00fas, per dur a terme qualsevol acci\u00f3 que pugui fer malb\u00e9 a VV oa tercers. Tampoc no es pot accedir o utilitzar, o intentar accedir o utilitzar, el website infringint la legislaci\u00f3 vigent aplicable.<\/p>\n<p>Expressament, es prohibeix l\u00fas de robots, aranyes, scripts, serveis, plataformes, programari o qualsevol dispositiu, eina o proc\u00e9s manual o autom\u00e0tic, dissenyat per extreure o recopilar el contingut, dades i informaci\u00f3, publicat al lloc web. De la mateixa manera, es prohibeix l\u00fas del contingut de villaviatges.com per al desenvolupament de qualsevol programa de programari, incloent, entre altres, la formaci\u00f3 de sistemes daprenentatge autom\u00e0tic o intel\u00b7lig\u00e8ncia artificial (IA).<\/p>\n<p>Els continguts estan destinats al consum de persones m\u00e9s grans de 14 anys i les ofertes econ\u00f2miques anunciades, a majors d&#039;edat i persones f\u00edsiques i jur\u00eddiques amb capacitat contractual.<\/p>\n<p>Propietat intel\u00b7lectual i industrial<br \/>\nLloc web desenvolupat per Interdixit\u00ae per a VV, amb material gr\u00e0fic i literari de VV. Disseny del proc\u00e9s editorial per part Estrat\u00e8gia del Contingut\u00ae, que tamb\u00e9 ha definit els components i larquitectura de continguts.<\/p>\n<p>Els autors de les imatges gen\u00e8riques amb qu\u00e8 s&#039;identifiquen els continents s\u00f3n Bill Wegener (\u00c0frica), Squid Ward (\u00c0sia), Amos (Europa), Johan Mouchet (Austr\u00e0lia) i Ben Hershey (Am\u00e8rica). Les icones de la interf\u00edcie procedeixen de la col\u00b7lecci\u00f3 Noun Project, de Popcornarts. La resta del material audiovisual addicional procedeix de bancs d&#039;imatges p\u00fablics, amb menci\u00f3 expressa dels seus autors, i dels participants en les activitats culturals i promocionals impulsades per VV.<\/p>\n<p>Al contingut publicat es poden esmentar marques comercials de tercers. La seva propietat correspon als seus autors o forquilles leg\u00edtims, essent citades nom\u00e9s a efectes informatius.<\/p>\n<p>Exempci\u00f3 de responsabilitat<br \/>\nAquest lloc pot contenir enlla\u00e7os o enlla\u00e7os que poden redireccionar l&#039;usuari a altres llocs i p\u00e0gines web gestionades per tercers aliens a VV, que no respon ni dels continguts ni de l&#039;estat d&#039;aquests llocs i p\u00e0gines web. La utilitzaci\u00f3 d&#039;aquest lloc web es fa per compte propi i risc de l&#039;usuari.<\/p>\n<p>VV i els seus empleats no es responsabilitzen dels errors o omissions de qu\u00e8 pogu\u00e9s patir aquest lloc web; ni d&#039;altres continguts a qu\u00e8 es pogu\u00e9s accedir des del mateix. Tampoc seran o podran considerar-se responsables per danys derivats de la utilitzaci\u00f3 d&#039;aquest lloc web, ni per qualsevol actuaci\u00f3 realitzada basada en la informaci\u00f3 que s&#039;hi cont\u00e9.<\/p>\n<p>VV no respon pels danys i perjudicis que elements aliens al website poguessin ocasionar a l&#039;usuari oa tercers.<\/p>\n<p>Pol\u00edtica de preus<br \/>\nRespecte de la pol\u00edtica de preus aqu\u00ed continguts, visiteu l&#039;apartat de Condicions Generals per con\u00e8ixer els detalls de l&#039;operativa comercial de VV.<\/p>\n<p>Granollers, 2 de novembre de 2023<\/p>","protected":false},"excerpt":{"rendered":"<p>Cuestiones legales Vill\u00e0 Viatges, SA en adelante, VV, se declara propietaria del presente website y se reserva todos los derechos de permitir el acceso a los usuarios del mismo. Identidad y ubicaci\u00f3n Vill\u00e0 Viatges, SA. Domicilio: Girona, 13. 08402 \u2013 Granollers, Barcelona, Espa\u00f1a. Tel\u00e9fono: +34 93 879 37 77. Fax: +34 93 879 62 19. [&hellip;]<\/p>","protected":false},"author":5,"featured_media":0,"parent":0,"menu_order":0,"comment_status":"closed","ping_status":"closed","template":"","meta":{"_acf_changed":false,"_joinchat":[],"footnotes":""},"landing-pages":[],"class_list":["post-4904","page","type-page","status-publish","hentry"],"acf":[],"_links":{"self":[{"href":"https:\/\/www.villaviatges.com\/ca\/wp-json\/wp\/v2\/pages\/4904","targetHints":{"allow":["GET"]}}],"collection":[{"href":"https:\/\/www.villaviatges.com\/ca\/wp-json\/wp\/v2\/pages"}],"about":[{"href":"https:\/\/www.villaviatges.com\/ca\/wp-json\/wp\/v2\/types\/page"}],"author":[{"embeddable":true,"href":"https:\/\/www.villaviatges.com\/ca\/wp-json\/wp\/v2\/users\/5"}],"replies":[{"embeddable":true,"href":"https:\/\/www.villaviatges.com\/ca\/wp-json\/wp\/v2\/comments?post=4904"}],"version-history":[{"count":0,"href":"https:\/\/www.villaviatges.com\/ca\/wp-json\/wp\/v2\/pages\/4904\/revisions"}],"wp:attachment":[{"href":"https:\/\/www.villaviatges.com\/ca\/wp-json\/wp\/v2\/media?parent=4904"}],"wp:term":[{"taxonomy":"landing-pages","embeddable":true,"href":"https:\/\/www.villaviatges.com\/ca\/wp-json\/wp\/v2\/landing-pages?post=4904"}],"curies":[{"name":"wp","href":"https:\/\/api.w.org\/{rel}","templated":true}]}}