{"id":17376,"date":"2025-09-19T12:56:47","date_gmt":"2025-09-19T10:56:47","guid":{"rendered":"https:\/\/www.villaviatges.com\/?page_id=17376"},"modified":"2026-02-09T13:21:12","modified_gmt":"2026-02-09T12:21:12","slug":"landing-viajes-en-grupo","status":"publish","type":"page","link":"https:\/\/www.villaviatges.com\/ca\/landing-viajes-en-grupo\/","title":{"rendered":"Gu\u00eda de viajes en grupo"},"content":{"rendered":"<div data-elementor-type=\"wp-page\" data-elementor-id=\"17376\" class=\"elementor elementor-17376\" data-elementor-post-type=\"page\">\n\t\t\t\t<div class=\"elementor-element elementor-element-1bd8c7f e-flex e-con-boxed e-con e-parent\" data-id=\"1bd8c7f\" data-element_type=\"container\" data-e-type=\"container\" data-settings=\"{&quot;background_background&quot;:&quot;classic&quot;}\">\n\t\t\t\t\t<div class=\"e-con-inner\">\n\t\t\t\t<div class=\"elementor-element elementor-element-c0581b4 elementor-widget elementor-widget-heading\" data-id=\"c0581b4\" data-element_type=\"widget\" data-e-type=\"widget\" data-widget_type=\"heading.default\">\n\t\t\t\t<div class=\"elementor-widget-container\">\n\t\t\t\t\t<h1 class=\"elementor-heading-title elementor-size-default\">Viajar en grupo nunca hab\u00eda sido tan f\u00e1cil y ni tan emocionante.\n<\/h1>\t\t\t\t<\/div>\n\t\t\t\t<\/div>\n\t\t\t\t<div class=\"elementor-element elementor-element-55623d1 elementor-widget elementor-widget-heading\" data-id=\"55623d1\" data-element_type=\"widget\" data-e-type=\"widget\" data-widget_type=\"heading.default\">\n\t\t\t\t<div class=\"elementor-widget-container\">\n\t\t\t\t\t<h2 class=\"elementor-heading-title elementor-size-default\">Descubre c\u00f3mo los viajes en grupo pueden transformarse <br>en experiencias \u00fanicas y compartidas. \n<\/h2>\t\t\t\t<\/div>\n\t\t\t\t<\/div>\n\t\t\t\t<div class=\"elementor-element elementor-element-37b1a67 elementor-align-center elementor-widget elementor-widget-button\" data-id=\"37b1a67\" data-element_type=\"widget\" data-e-type=\"widget\" data-widget_type=\"button.default\">\n\t\t\t\t<div class=\"elementor-widget-container\">\n\t\t\t\t\t\t\t\t\t<div class=\"elementor-button-wrapper\">\n\t\t\t\t\t<a class=\"elementor-button elementor-button-link elementor-size-sm\" href=\"#formulario\">\n\t\t\t\t\t\t<span class=\"elementor-button-content-wrapper\">\n\t\t\t\t\t\t\t\t\t<span class=\"elementor-button-text\">Descarga tu Gu\u00eda Gratuita<\/span>\n\t\t\t\t\t<\/span>\n\t\t\t\t\t<\/a>\n\t\t\t\t<\/div>\n\t\t\t\t\t\t\t\t<\/div>\n\t\t\t\t<\/div>\n\t\t\t\t<div class=\"elementor-element elementor-element-46118ba elementor-view-default elementor-widget elementor-widget-icon\" data-id=\"46118ba\" data-element_type=\"widget\" data-e-type=\"widget\" data-widget_type=\"icon.default\">\n\t\t\t\t<div class=\"elementor-widget-container\">\n\t\t\t\t\t\t\t<div class=\"elementor-icon-wrapper\">\n\t\t\t<a class=\"elementor-icon\" href=\"#viajesamedida\">\n\t\t\t<svg xmlns=\"http:\/\/www.w3.org\/2000\/svg\" xmlns:xlink=\"http:\/\/www.w3.org\/1999\/xlink\" id=\"Layer_1\" x=\"0px\" y=\"0px\" viewbox=\"0 0 512 512\" style=\"enable-background:new 0 0 512 512;\" xml:space=\"preserve\"> <style type=\"text\/css\"> .st0{fill:#FFFFFF;} <\/style> <g> <path class=\"st0\" d=\"M256,343.7c-3.2,0-6.4-1.2-8.9-3.7L96.7,189.7c-4.9-4.9-4.9-12.8,0-17.7s12.8-4.9,17.7,0L256,313.5L397.5,172 c4.9-4.9,12.8-4.9,17.7,0s4.9,12.8,0,17.7L264.9,340.1C262.4,342.5,259.2,343.7,256,343.7z\"><\/path> <\/g> <\/svg>\t\t\t<\/a>\n\t\t<\/div>\n\t\t\t\t\t\t<\/div>\n\t\t\t\t<\/div>\n\t\t\t\t\t<\/div>\n\t\t\t\t<\/div>\n\t\t<div class=\"elementor-element elementor-element-c32de3b e-flex e-con-boxed e-con e-parent\" data-id=\"c32de3b\" data-element_type=\"container\" data-e-type=\"container\">\n\t\t\t\t\t<div class=\"e-con-inner\">\n\t\t<div class=\"elementor-element elementor-element-0b3cbab e-con-full e-flex e-con e-child\" data-id=\"0b3cbab\" data-element_type=\"container\" data-e-type=\"container\">\n\t\t\t\t<div class=\"elementor-element elementor-element-b29460f elementor-widget elementor-widget-heading\" data-id=\"b29460f\" data-element_type=\"widget\" data-e-type=\"widget\" data-widget_type=\"heading.default\">\n\t\t\t\t<div class=\"elementor-widget-container\">\n\t\t\t\t\t<h2 class=\"elementor-heading-title elementor-size-default\">Te contamos lo que nadie dice sobre viajar en grupo\u2026\n<\/h2>\t\t\t\t<\/div>\n\t\t\t\t<\/div>\n\t\t\t\t<div class=\"elementor-element elementor-element-579e45d elementor-widget elementor-widget-text-editor\" data-id=\"579e45d\" data-element_type=\"widget\" data-e-type=\"widget\" data-widget_type=\"text-editor.default\">\n\t\t\t\t<div class=\"elementor-widget-container\">\n\t\t\t\t\t\t\t\t\t<p>La mayor\u00eda piensa que viajar en grupo es seguir un itinerario cerrado o compartir habitaci\u00f3n con desconocidos. Pero la realidad es muy distinta. Nuestra gu\u00eda gratuita te muestra:<\/p>\t\t\t\t\t\t\t\t<\/div>\n\t\t\t\t<\/div>\n\t\t\t\t<div class=\"elementor-element elementor-element-5f3e37d elementor-icon-list--layout-traditional elementor-list-item-link-full_width elementor-widget elementor-widget-icon-list\" data-id=\"5f3e37d\" data-element_type=\"widget\" data-e-type=\"widget\" data-widget_type=\"icon-list.default\">\n\t\t\t\t<div class=\"elementor-widget-container\">\n\t\t\t\t\t\t\t<ul class=\"elementor-icon-list-items\">\n\t\t\t\t\t\t\t<li class=\"elementor-icon-list-item\">\n\t\t\t\t\t\t\t\t\t\t\t<span class=\"elementor-icon-list-icon\">\n\t\t\t\t\t\t\t<svg xmlns=\"http:\/\/www.w3.org\/2000\/svg\" xmlns:xlink=\"http:\/\/www.w3.org\/1999\/xlink\" xmlns:svgjs=\"http:\/\/svgjs.dev\/svgjs\" id=\"Layer_1\" viewbox=\"0 0 512 512\" data-name=\"Layer 1\" width=\"300\" height=\"300\"><g width=\"100%\" height=\"100%\" transform=\"matrix(1,0,0,1,0,0)\"><path d=\"m108.428 351.061-73.764-31.261 9.027-11.764 82.041 17.789zm253.59-67.33h-70.392c-17.2 0-31.553-5.072-41.509-14.669a46.151 46.151 0 0 1 0-65.783c9.956-9.6 24.31-14.669 41.509-14.669h79.146a15.673 15.673 0 0 1 .023-16h-79.169c-46.8 0-71.286 31.975-71.286 63.56s24.486 63.561 71.286 63.561h70.392c18.4 0 33.729 5.615 44.341 16.237a51.788 51.788 0 0 1 .135 71.847c-10.62 10.764-26 16.453-44.476 16.453h-107.856c-8.635 0-9.072 6.664-9.072 8s.437 8 9.072 8h107.856c49.169 0 74.894-34.344 74.894-68.268s-25.725-68.269-74.894-68.269zm-277.74 139.879a7 7 0 0 1 6.3 4.837l2.85 8.812 95.64-112.468c.452-.694 3.441-6.206 2.982-30.111a3.8 3.8 0 0 0 -4.94-3.541c-19.985 6.251-27.807 10.9-29.375 12.753l-81.779 119.293zm-59.117 11-.725.946 40.885 16.119a7.008 7.008 0 0 1 3.059 2.347l26.151 35.321.726-.946-16.511-51.051zm129.7-47.978 50.609 63.2 9.056-11.8-39.779-74.782zm253.581-238.4c-18.667-20.564-28.131-44.771-28.131-71.949a53.626 53.626 0 0 1 107.252 0c0 27.344-9.46 51.6-28.119 72.094a119.93 119.93 0 0 1 -25.487 21.208 121.635 121.635 0 0 1 -25.514-21.353zm-.026-70.971a25.522 25.522 0 1 0 25.522-25.521 25.551 25.551 0 0 0 -25.521 25.521zm50.884 90.879a116.512 116.512 0 0 1 -22.2 15.765 7 7 0 0 1 -6.351-.017 117.879 117.879 0 0 1 -22.053-15.766c-18.177 3.472-26.1 9.824-26.1 12.488 0 4.279 17.994 14.744 51.35 14.744s51.35-10.465 51.35-14.744c-.008-2.672-7.903-8.996-25.996-12.47z\" fill=\"#af895c\" fill-opacity=\"1\" data-original-color=\"#000000ff\" stroke=\"none\" stroke-opacity=\"1\"><\/path><\/g><\/svg>\t\t\t\t\t\t<\/span>\n\t\t\t\t\t\t\t\t\t\t<span class=\"elementor-icon-list-text\">C\u00f3mo funcionan realmente los viajes en grupo organizados.<\/span>\n\t\t\t\t\t\t\t\t\t<\/li>\n\t\t\t\t\t\t\t\t<li class=\"elementor-icon-list-item\">\n\t\t\t\t\t\t\t\t\t\t\t<span class=\"elementor-icon-list-icon\">\n\t\t\t\t\t\t\t<svg xmlns=\"http:\/\/www.w3.org\/2000\/svg\" xmlns:svg=\"http:\/\/www.w3.org\/2000\/svg\" xmlns:xlink=\"http:\/\/www.w3.org\/1999\/xlink\" xmlns:svgjs=\"http:\/\/svgjs.dev\/svgjs\" id=\"svg9\" xml:space=\"preserve\" width=\"300\" height=\"300\" viewbox=\"0 0 682.66669 682.66669\"><g width=\"100%\" height=\"100%\" transform=\"matrix(1,0,0,1,0,0)\"><defs id=\"defs13\"><clippath id=\"clipPath23\"><path d=\"M 0,512 H 512 V 0 H 0 Z\" id=\"path21\" fill=\"#af895c\" fill-opacity=\"1\" data-original-color=\"#000000ff\" stroke=\"none\" stroke-opacity=\"1\"><\/path><\/clippath><\/defs><g id=\"g15\" transform=\"matrix(1.3333333,0,0,-1.3333333,0,682.66667)\"><g id=\"g17\"><g id=\"g19\" clip-path=\"url(#clipPath23)\"><g id=\"g25\" transform=\"translate(255.9921,502)\"><path d=\"m 0,0 208.008,-65.168 v -175.021 c 0,-122.947 -87.265,-228.593 -208,-251.811 v 0 0 c -120.735,23.218 -208,128.864 -208,251.811 V -65.168 L 0.016,0\" style=\"stroke-linecap: round; stroke-linejoin: round; stroke-miterlimit: 10; stroke-dasharray: none;\" id=\"path27\" fill=\"none\" fill-opacity=\"1\" stroke=\"#af895c\" stroke-opacity=\"1\" data-original-stroke-color=\"#000000ff\" stroke-width=\"13\" data-original-stroke-width=\"20\"><\/path><\/g><g id=\"g29\" transform=\"translate(384.6779,168.0953)\"><path d=\"m 0,0 c 14.939,28.152 23.322,60.128 23.322,93.716 v 133.881 l -152,47.621 -152,-47.621 V 93.716 c 0,-92.299 63.302,-172.421 152,-194.489 25.879,6.439 49.596,17.819 70.21,33.003\" style=\"stroke-linecap: round; stroke-linejoin: round; stroke-miterlimit: 10; stroke-dasharray: none;\" id=\"path31\" fill=\"none\" fill-opacity=\"1\" stroke=\"#af895c\" stroke-opacity=\"1\" data-original-stroke-color=\"#000000ff\" stroke-width=\"13\" data-original-stroke-width=\"20\"><\/path><\/g><g id=\"g33\" transform=\"translate(237.8359,190.7437)\"><path d=\"M 0,0 -66.964,66.964 -33.023,100.906 0,67.882 l 69.351,69.351 33.941,-33.941 z\" style=\"stroke-linecap: round; stroke-linejoin: round; stroke-miterlimit: 10; stroke-dasharray: none;\" id=\"path35\" fill=\"none\" fill-opacity=\"1\" stroke=\"#af895c\" stroke-opacity=\"1\" data-original-stroke-color=\"#000000ff\" stroke-width=\"13\" data-original-stroke-width=\"20\"><\/path><\/g><g id=\"g37\" transform=\"translate(359.2185,130.8982)\"><path d=\"M 0,0 V 0\" style=\"stroke-linecap: round; stroke-linejoin: round; stroke-miterlimit: 10; stroke-dasharray: none;\" id=\"path39\" fill=\"none\" fill-opacity=\"1\" stroke=\"#af895c\" stroke-opacity=\"1\" data-original-stroke-color=\"#000000ff\" stroke-width=\"13\" data-original-stroke-width=\"20\"><\/path><\/g><\/g><\/g><\/g><\/g><\/svg>\t\t\t\t\t\t<\/span>\n\t\t\t\t\t\t\t\t\t\t<span class=\"elementor-icon-list-text\"> Dudas y miedos m\u00e1s comunes (y c\u00f3mo resolverlos).<\/span>\n\t\t\t\t\t\t\t\t\t<\/li>\n\t\t\t\t\t\t\t\t<li class=\"elementor-icon-list-item\">\n\t\t\t\t\t\t\t\t\t\t\t<span class=\"elementor-icon-list-icon\">\n\t\t\t\t\t\t\t<svg xmlns=\"http:\/\/www.w3.org\/2000\/svg\" xmlns:xlink=\"http:\/\/www.w3.org\/1999\/xlink\" xmlns:svgjs=\"http:\/\/svgjs.dev\/svgjs\" id=\"Layer_1\" viewbox=\"0 0 64 64\" data-name=\"Layer 1\" width=\"300\" height=\"300\"><g width=\"100%\" height=\"100%\" transform=\"matrix(1,0,0,1,0,0)\"><path d=\"m31.898 14.94c.553 0 1-.448 1-1v-3.854c0-.552-.447-1-1-1s-1 .448-1 1v3.854c0 .552.447 1 1 1z\" fill=\"#af895c\" fill-opacity=\"1\" data-original-color=\"#000000ff\" stroke=\"none\" stroke-opacity=\"1\"><\/path><path d=\"m45.618 15.355-2.725 2.725c-.391.391-.391 1.024 0 1.414.195.195.451.293.707.293s.512-.098.707-.293l2.725-2.725c.391-.391.391-1.024 0-1.414-.391-.391-1.023-.391-1.414 0z\" fill=\"#af895c\" fill-opacity=\"1\" data-original-color=\"#000000ff\" stroke=\"none\" stroke-opacity=\"1\"><\/path><path d=\"m52.301 29.489h-3.854c-.553 0-1 .448-1 1s.447 1 1 1h3.854c.553 0 1-.448 1-1s-.447-1-1-1z\" fill=\"#af895c\" fill-opacity=\"1\" data-original-color=\"#000000ff\" stroke=\"none\" stroke-opacity=\"1\"><\/path><path d=\"m44.308 41.484c-.391-.391-1.023-.391-1.414 0-.391.39-.391 1.023 0 1.414l2.725 2.725c.195.195.451.293.707.293s.512-.098.707-.293c.391-.39.391-1.023 0-1.414z\" fill=\"#af895c\" fill-opacity=\"1\" data-original-color=\"#000000ff\" stroke=\"none\" stroke-opacity=\"1\"><\/path><path d=\"m19.489 41.484-2.726 2.725c-.391.39-.391 1.023 0 1.414.195.195.451.293.707.293s.512-.098.707-.293l2.726-2.725c.391-.39.391-1.023 0-1.414s-1.023-.391-1.414 0z\" fill=\"#af895c\" fill-opacity=\"1\" data-original-color=\"#000000ff\" stroke=\"none\" stroke-opacity=\"1\"><\/path><path d=\"m15.349 29.489h-3.854c-.553 0-1 .448-1 1s.447 1 1 1h3.854c.553 0 1-.448 1-1s-.447-1-1-1z\" fill=\"#af895c\" fill-opacity=\"1\" data-original-color=\"#000000ff\" stroke=\"none\" stroke-opacity=\"1\"><\/path><path d=\"m19.489 19.495c.195.195.451.293.707.293s.512-.098.707-.293c.391-.391.391-1.024 0-1.414l-2.726-2.725c-.391-.391-1.023-.391-1.414 0s-.391 1.024 0 1.414z\" fill=\"#af895c\" fill-opacity=\"1\" data-original-color=\"#000000ff\" stroke=\"none\" stroke-opacity=\"1\"><\/path><path d=\"m44.688 30.594c0-7.053-5.737-12.791-12.79-12.791s-12.79 5.738-12.79 12.791c0 4.304 2.154 8.267 5.687 10.62-.214.401-.346.852-.346 1.338 0 .718.274 1.368.712 1.872-.438.504-.712 1.153-.712 1.872 0 1.583 1.288 2.871 2.872 2.871h.122v.382c0 2.457 1.999 4.455 4.455 4.455s4.455-1.999 4.455-4.455v-.382h.123c1.583 0 2.871-1.288 2.871-2.871 0-.718-.274-1.368-.711-1.872.437-.504.711-1.153.711-1.872 0-.483-.131-.931-.342-1.331 3.531-2.361 5.683-6.327 5.683-10.627zm-7.341 11.958c0 .48-.391.872-.871.872h-9.155c-.48 0-.872-.391-.872-.872s.392-.871.872-.871h9.155c.48 0 .871.391.871.871zm-2.994 6.996c0 1.354-1.102 2.455-2.455 2.455s-2.455-1.102-2.455-2.455v-.382h4.91zm2.123-2.382h-9.155c-.48 0-.872-.391-.872-.871s.392-.872.872-.872h9.155c.48 0 .871.391.871.872s-.391.871-.871.871zm.931-7.317c-.294-.102-.603-.168-.931-.168h-9.155c-.323 0-.628.065-.918.164-3.269-1.933-5.295-5.426-5.295-9.251 0-5.95 4.841-10.791 10.79-10.791s10.79 4.841 10.79 10.791c0 3.817-2.021 7.312-5.281 9.255z\" fill=\"#af895c\" fill-opacity=\"1\" data-original-color=\"#000000ff\" stroke=\"none\" stroke-opacity=\"1\"><\/path><path d=\"m53.21 10.79c-5.668-5.668-13.204-8.79-21.221-8.79s-15.553 3.122-21.221 8.79c-9.573 9.573-11.525 24.379-4.8 36.113l-1.007 11.049c-.026.296.079.588.289.798s.503.314.798.289l11.049-1.007c4.659 2.67 9.804 3.972 14.911 3.972 7.756 0 15.431-3.002 21.202-8.774 11.701-11.701 11.701-30.74 0-42.441zm-35.38 45.356c-.154-.09-.329-.138-.507-.138-.03 0-.061.001-.091.004l-10.171.927.927-10.171c.019-.208-.028-.417-.134-.597-6.457-10.993-4.677-24.961 4.329-33.967 5.29-5.291 12.324-8.204 19.807-8.204s14.517 2.914 19.807 8.204 8.204 12.325 8.204 19.806-2.914 14.516-8.204 19.807c-9.006 9.006-22.975 10.784-33.966 4.329z\" fill=\"#af895c\" fill-opacity=\"1\" data-original-color=\"#000000ff\" stroke=\"none\" stroke-opacity=\"1\"><\/path><\/g><\/svg>\t\t\t\t\t\t<\/span>\n\t\t\t\t\t\t\t\t\t\t<span class=\"elementor-icon-list-text\">Consejos inspiradores seg\u00fan tu perfil de viajero.<\/span>\n\t\t\t\t\t\t\t\t\t<\/li>\n\t\t\t\t\t\t\t\t<li class=\"elementor-icon-list-item\">\n\t\t\t\t\t\t\t\t\t\t\t<span class=\"elementor-icon-list-icon\">\n\t\t\t\t\t\t\t<svg xmlns=\"http:\/\/www.w3.org\/2000\/svg\" xmlns:xlink=\"http:\/\/www.w3.org\/1999\/xlink\" xmlns:svgjs=\"http:\/\/svgjs.dev\/svgjs\" id=\"Layer_1\" x=\"0px\" y=\"0px\" viewbox=\"0 0 512 512\" style=\"enable-background:new 0 0 512 512;\" xml:space=\"preserve\" width=\"300\" height=\"300\"><g width=\"100%\" height=\"100%\" transform=\"matrix(1,0,0,1,0,0)\"><g> <g> <g> <path d=\"M256.001,102.279c-40.796,0-73.986,33.19-73.986,73.987s33.19,73.987,73.986,73.987s73.986-33.19,73.986-73.987&#10;&#9;&#9;&#9;&#9;S296.796,102.279,256.001,102.279z M256.001,229.855c-29.549,0-53.588-24.039-53.588-53.589s24.039-53.589,53.588-53.589&#10;&#9;&#9;&#9;&#9;s53.588,24.04,53.588,53.589S285.55,229.855,256.001,229.855z\" fill=\"#af895c\" fill-opacity=\"1\" data-original-color=\"#000000ff\" stroke=\"none\" stroke-opacity=\"1\"><\/path> <path d=\"M256.001,0C158.807,0,79.735,79.072,79.734,176.266c0,50.92,28.457,122.4,84.577,212.453&#10;&#9;&#9;&#9;&#9;c41.357,66.363,83.309,118.933,83.727,119.456c1.937,2.417,4.866,3.825,7.963,3.825c3.096,0,6.026-1.407,7.961-3.825&#10;&#9;&#9;&#9;&#9;c0.418-0.523,42.371-53.093,83.727-119.456c56.121-90.055,84.577-161.534,84.577-212.453C432.266,79.072,353.194,0,256.001,0z&#10;&#9;&#9;&#9;&#9; M256.001,485.176c-32.832-42.917-155.867-210.342-155.867-308.91c0-85.946,69.922-155.867,155.867-155.867&#10;&#9;&#9;&#9;&#9;S411.868,90.32,411.868,176.266C411.868,274.834,288.833,442.259,256.001,485.176z\" fill=\"#af895c\" fill-opacity=\"1\" data-original-color=\"#000000ff\" stroke=\"none\" stroke-opacity=\"1\"><\/path> <\/g> <\/g> <\/g><g> <g> <path d=\"M370.919,90.578c-17.969-24.063-43.574-42.227-72.098-51.145c-5.383-1.683-11.098,1.316-12.779,6.692&#10;&#9;&#9;&#9;c-1.68,5.376,1.316,11.097,6.692,12.778c51.564,16.12,86.209,63.285,86.209,117.363c0,5.633,4.567,10.199,10.199,10.199&#10;&#9;&#9;&#9;s10.199-4.566,10.198-10.199C399.34,145.107,389.512,115.476,370.919,90.578z\" fill=\"#af895c\" fill-opacity=\"1\" data-original-color=\"#000000ff\" stroke=\"none\" stroke-opacity=\"1\"><\/path> <\/g> <\/g><g> <g> <path d=\"M264.776,33.188c-2.902-0.175-5.854-0.264-8.775-0.264c-5.632,0-10.199,4.566-10.199,10.199&#10;&#9;&#9;&#9;c0,5.633,4.567,10.199,10.199,10.199c2.512,0,5.051,0.076,7.543,0.227c0.21,0.013,0.418,0.019,0.626,0.019&#10;&#9;&#9;&#9;c5.351,0,9.842-4.17,10.17-9.584C274.68,38.362,270.399,33.529,264.776,33.188z\" fill=\"#af895c\" fill-opacity=\"1\" data-original-color=\"#000000ff\" stroke=\"none\" stroke-opacity=\"1\"><\/path> <\/g> <\/g><g> <\/g><g> <\/g><g> <\/g><g> <\/g><g> <\/g><g> <\/g><g> <\/g><g> <\/g><g> <\/g><g> <\/g><g> <\/g><g> <\/g><g> <\/g><g> <\/g><g> <\/g><\/g><\/svg>\t\t\t\t\t\t<\/span>\n\t\t\t\t\t\t\t\t\t\t<span class=\"elementor-icon-list-text\"> Destinos recomendados para compartir experiencias \u00fanicas.<\/span>\n\t\t\t\t\t\t\t\t\t<\/li>\n\t\t\t\t\t\t\t\t<li class=\"elementor-icon-list-item\">\n\t\t\t\t\t\t\t\t\t\t\t<span class=\"elementor-icon-list-icon\">\n\t\t\t\t\t\t\t<svg xmlns=\"http:\/\/www.w3.org\/2000\/svg\" xmlns:xlink=\"http:\/\/www.w3.org\/1999\/xlink\" xmlns:svgjs=\"http:\/\/svgjs.dev\/svgjs\" fill=\"none\" height=\"300\" viewbox=\"0 0 24 24\" width=\"300\"><g width=\"100%\" height=\"100%\" transform=\"matrix(1,0,0,1,0,0)\"><clippath id=\"clip0_140_1687\"><path d=\"m0 0h24v24h-24z\" fill=\"#af895c\" fill-opacity=\"1\" data-original-color=\"#000000ff\" stroke=\"none\" stroke-opacity=\"1\"><\/path><\/clippath><g clip-path=\"url(#clip0_140_1687)\" fill=\"rgb(0,0,0)\"><path d=\"m23.878 16.562c-.067-.206-.259-.346-.476-.346h-4.071l-1.258-3.872c-.134-.412-.817-.412-.951 0l-1.258 3.872h-4.071c-.217 0-.409.14-.476.346s.007.432.182.559l3.298 2.397-1.178 3.834c-.063.206.012.43.188.555.175.125.412.123.585-.004l3.205-2.349 3.205 2.349c.087.065.191.097.295.097.102 0 .203-.031.291-.093.175-.125.251-.349.188-.555l-1.178-3.834 3.298-2.397c.176-.127.249-.353.182-.559zm-4.358 2.359c-.173.125-.247.346-.184.551l.84 2.734-2.284-1.674c-.087-.065-.191-.097-.295-.097s-.208.032-.299.097l-2.284 1.674.84-2.734c.063-.204-.011-.426-.184-.551l-2.342-1.702h2.896c.217 0 .409-.14.476-.346l.895-2.753.895 2.753c.067.206.259.346.476.346h2.896z\" fill=\"#af895c\" fill-opacity=\"1\" data-original-color=\"#000000ff\" stroke=\"none\" stroke-opacity=\"1\"><\/path><path d=\"m5.097 8.5c0 .827.673 1.5 1.5 1.5s1.5-.673 1.5-1.5-.673-1.5-1.5-1.5-1.5.672-1.5 1.5zm2 0c0 .276-.224.5-.5.5s-.5-.224-.5-.5.224-.5.5-.5.5.224.5.5z\" fill=\"#af895c\" fill-opacity=\"1\" data-original-color=\"#000000ff\" stroke=\"none\" stroke-opacity=\"1\"><\/path><path d=\"m10.097 8.5c0 .827.673 1.5 1.5 1.5s1.5-.673 1.5-1.5-.673-1.5-1.5-1.5-1.5.672-1.5 1.5zm2 0c0 .276-.224.5-.5.5s-.5-.224-.5-.5.224-.5.5-.5.5.224.5.5z\" fill=\"#af895c\" fill-opacity=\"1\" data-original-color=\"#000000ff\" stroke=\"none\" stroke-opacity=\"1\"><\/path><path d=\"m15.097 8.5c0 .827.673 1.5 1.5 1.5s1.5-.673 1.5-1.5-.673-1.5-1.5-1.5-1.5.672-1.5 1.5zm2 0c0 .276-.224.5-.5.5s-.5-.224-.5-.5.224-.5.5-.5.5.224.5.5z\" fill=\"#af895c\" fill-opacity=\"1\" data-original-color=\"#000000ff\" stroke=\"none\" stroke-opacity=\"1\"><\/path><path d=\"m9.792 17.104-4.774 3.673 2.026-4.053c.078-.154.069-.339-.022-.486s-.252-.238-.425-.238h-3c-1.378 0-2.5-1.122-2.5-2.5v-10c0-1.378 1.122-2.5 2.5-2.5h16c1.378 0 2.5 1.122 2.5 2.5v11c0 .276.224.5.5.5s.5-.224.5-.5v-11c0-1.93-1.57-3.5-3.5-3.5h-16c-1.93 0-3.4999999 1.57-3.4999999 3.5v10c0 1.93 1.5699999 3.5 3.4999999 3.5h2.191l-2.638 5.276c-.104.208-.051.461.129.609.092.076.205.115.318.115.107 0 .215-.035.304-.103l6.5-5c.219-.168.26-.482.092-.701-.168-.221-.482-.26-.701-.092z\" fill=\"#af895c\" fill-opacity=\"1\" data-original-color=\"#000000ff\" stroke=\"none\" stroke-opacity=\"1\"><\/path><\/g><\/g><\/svg>\t\t\t\t\t\t<\/span>\n\t\t\t\t\t\t\t\t\t\t<span class=\"elementor-icon-list-text\">Testimonios de personas que se lanzaron\u2026 y volvieron transformadas.<\/span>\n\t\t\t\t\t\t\t\t\t<\/li>\n\t\t\t\t\t\t<\/ul>\n\t\t\t\t\t\t<\/div>\n\t\t\t\t<\/div>\n\t\t\t\t<\/div>\n\t\t<div class=\"elementor-element elementor-element-a1be3dd e-con-full formulario e-flex e-con e-child\" data-id=\"a1be3dd\" data-element_type=\"container\" data-e-type=\"container\">\n\t\t\t\t<div class=\"elementor-element elementor-element-619dd1b elementor-widget elementor-widget-html\" data-id=\"619dd1b\" data-element_type=\"widget\" data-e-type=\"widget\" data-widget_type=\"html.default\">\n\t\t\t\t<div class=\"elementor-widget-container\">\n\t\t\t\t\t<script type=\"text\/javascript\" src=\"https:\/\/api.clientify.net\/web-marketing\/superforms\/script\/274446.js\"><\/script>\t\t\t\t<\/div>\n\t\t\t\t<\/div>\n\t\t\t\t<\/div>\n\t\t\t\t\t<\/div>\n\t\t\t\t<\/div>\n\t\t<div class=\"elementor-element elementor-element-2c5b74f e-flex e-con-boxed e-con e-parent\" data-id=\"2c5b74f\" data-element_type=\"container\" data-e-type=\"container\" data-settings=\"{&quot;background_background&quot;:&quot;classic&quot;}\">\n\t\t\t\t\t<div class=\"e-con-inner\">\n\t\t\t\t<div class=\"elementor-element elementor-element-fe4270b elementor-widget elementor-widget-eael-testimonial\" data-id=\"fe4270b\" data-element_type=\"widget\" data-e-type=\"widget\" data-widget_type=\"eael-testimonial.default\">\n\t\t\t\t<div class=\"elementor-widget-container\">\n\t\t\t\t\t\n\t<div id=\"eael-testimonial-fe4270b\" class=\"eael-testimonial-item clearfix  default-style rating-five\">\n\t\t\t\t\n\t\t\n\t\t\t\t\t\t\t\t<div class=\"eael-testimonial-content\">\n\t\t\t\t<div class=\"eael-testimonial-text\"><p><i><span style=\"font-weight: 400\">\u201cNunca imagin\u00e9 sentirme tan c\u00f3moda en un grupo. Me fui sola y volv\u00ed con amigas.\u201d<\/span><\/i><\/p><\/div>\t\t<ul class=\"testimonial-star-rating\">\n\t\t\t<li><i class=\"fas fa-star\" aria-hidden=\"true\"><\/i><\/li>\n\t\t\t<li><i class=\"fas fa-star\" aria-hidden=\"true\"><\/i><\/li>\n\t\t\t<li><i class=\"fas fa-star\" aria-hidden=\"true\"><\/i><\/li>\n\t\t\t<li><i class=\"fas fa-star\" aria-hidden=\"true\"><\/i><\/li>\n\t\t\t<li><i class=\"fas fa-star\" aria-hidden=\"true\"><\/i><\/li>\n\t\t<\/ul>\n\t\t<p class=\"eael-testimonial-user\">Clara<\/p><p class=\"eael-testimonial-user-company\">34 a\u00f1os<\/p>\t\t\t<\/div>\n\t\t\n\t\t\n\t\t\n\t\t\n\t\t\n\t\t\n\t\t<span class=\"eael-testimonial-quote\"><\/span>\n\t<\/div>\n\n\t\t\t\t\t<\/div>\n\t\t\t\t<\/div>\n\t\t\t\t\t<\/div>\n\t\t\t\t<\/div>\n\t\t<div class=\"elementor-element elementor-element-c12472a e-con-full e-flex e-con e-parent\" data-id=\"c12472a\" data-element_type=\"container\" data-e-type=\"container\">\n\t\t\t\t<div class=\"elementor-element elementor-element-b90646f elementor-widget elementor-widget-image\" data-id=\"b90646f\" data-element_type=\"widget\" data-e-type=\"widget\" data-widget_type=\"image.default\">\n\t\t\t\t<div class=\"elementor-widget-container\">\n\t\t\t\t\t\t\t\t\t\t\t\t\t\t\t<img fetchpriority=\"high\" decoding=\"async\" width=\"2001\" height=\"1025\" src=\"https:\/\/www.villaviatges.com\/wp-content\/uploads\/2025\/09\/banner-2.webp\" class=\"attachment-full size-full wp-image-17421\" alt=\"\" srcset=\"https:\/\/www.villaviatges.com\/wp-content\/uploads\/2025\/09\/banner-2.webp 2001w, https:\/\/www.villaviatges.com\/wp-content\/uploads\/2025\/09\/banner-2-300x154.webp 300w, https:\/\/www.villaviatges.com\/wp-content\/uploads\/2025\/09\/banner-2-1024x525.webp 1024w, https:\/\/www.villaviatges.com\/wp-content\/uploads\/2025\/09\/banner-2-768x393.webp 768w, https:\/\/www.villaviatges.com\/wp-content\/uploads\/2025\/09\/banner-2-1536x787.webp 1536w, https:\/\/www.villaviatges.com\/wp-content\/uploads\/2025\/09\/banner-2-18x9.webp 18w\" sizes=\"(max-width: 2001px) 100vw, 2001px\">\t\t\t\t\t\t\t\t\t\t\t\t\t\t\t<\/div>\n\t\t\t\t<\/div>\n\t\t\t\t<\/div>\n\t\t\t\t<\/div>","protected":false},"excerpt":{"rendered":"<p>Viajar en grupo nunca hab\u00eda sido tan f\u00e1cil y ni tan emocionante. Descubre c\u00f3mo los viajes en grupo pueden transformarse en experiencias \u00fanicas y compartidas. Descarga tu Gu\u00eda Gratuita Te contamos lo que nadie dice sobre viajar en grupo\u2026 La mayor\u00eda piensa que viajar en grupo es seguir un itinerario cerrado o compartir habitaci\u00f3n con [&hellip;]<\/p>\n","protected":false},"author":5,"featured_media":17412,"parent":0,"menu_order":0,"comment_status":"closed","ping_status":"closed","template":"elementor_canvas","meta":{"_acf_changed":false,"_joinchat":[],"footnotes":""},"landing-pages":[],"class_list":["post-17376","page","type-page","status-publish","has-post-thumbnail","hentry"],"acf":[],"_links":{"self":[{"href":"https:\/\/www.villaviatges.com\/ca\/wp-json\/wp\/v2\/pages\/17376","targetHints":{"allow":["GET"]}}],"collection":[{"href":"https:\/\/www.villaviatges.com\/ca\/wp-json\/wp\/v2\/pages"}],"about":[{"href":"https:\/\/www.villaviatges.com\/ca\/wp-json\/wp\/v2\/types\/page"}],"author":[{"embeddable":true,"href":"https:\/\/www.villaviatges.com\/ca\/wp-json\/wp\/v2\/users\/5"}],"replies":[{"embeddable":true,"href":"https:\/\/www.villaviatges.com\/ca\/wp-json\/wp\/v2\/comments?post=17376"}],"version-history":[{"count":0,"href":"https:\/\/www.villaviatges.com\/ca\/wp-json\/wp\/v2\/pages\/17376\/revisions"}],"wp:featuredmedia":[{"embeddable":true,"href":"https:\/\/www.villaviatges.com\/ca\/wp-json\/wp\/v2\/media\/17412"}],"wp:attachment":[{"href":"https:\/\/www.villaviatges.com\/ca\/wp-json\/wp\/v2\/media?parent=17376"}],"wp:term":[{"taxonomy":"landing-pages","embeddable":true,"href":"https:\/\/www.villaviatges.com\/ca\/wp-json\/wp\/v2\/landing-pages?post=17376"}],"curies":[{"name":"wp","href":"https:\/\/api.w.org\/{rel}","templated":true}]}}